{"id":3126,"date":"2021-11-11T18:24:58","date_gmt":"2021-11-11T17:24:58","guid":{"rendered":"https:\/\/www.saldavinci.it\/?page_id=3126"},"modified":"2021-11-11T18:24:58","modified_gmt":"2021-11-11T17:24:58","slug":"informativa-sulla-privacy","status":"publish","type":"page","link":"https:\/\/saldavinci.it\/index.php\/informativa-sulla-privacy\/","title":{"rendered":"Informativa sulla Privacy"},"content":{"rendered":"\t<div id=\"text-527312752\" class=\"text\">\n\t\t\n<h2>Informativa sulla Privacy<\/h2>\n<p><span style=\"font-weight: 400;\">In questa informativa si descrivono le modalit\u00e0 di gestione di saldavinci.it relativamente al trattamento dei dati personali degli utenti che lo consultano, nonch\u00e9 le pratiche di trattamento dei dati trasmessi dall\u2019interessato al Titolare tramite saldavinci.it e saldavinci.eu (di seguito riportati come &#8220;SIto Web&#8221;).<\/span><\/p>\n<p><span style=\"font-weight: 400;\">In adempimento agli artt. 13 (per i dati raccolti presso l\u2019interessato) e 14 (per i dati non raccolti presso l\u2019interessato) del Regolamento (UE) 2016\/679 (GDPR) si rendono agli Utenti di questo Sito Web le seguenti informazioni, che si riferiscono esclusivamente al trattamento eseguito attraverso detto Sito Web e non tramite altri siti web eventualmente visitati tramite link dal presente, per i quali si suggerisce di prendere visione delle relative informative rese dai rispettivi Titolari<\/span><\/p>\n<p><span style=\"font-weight: 400;\">Questo sito e i servizi eventualmente offerti tramite il Sito Web sono riservati a soggetti che hanno compiuto il diciottesimo anno di et\u00e0. Il Titolare non raccoglie quindi dati personali relativi ai soggetti minori di anni 18. Su richiesta di tali Utenti, il Titolare ne canceller\u00e0 tempestivamente tutti i dati personali involontariamente raccolti.<\/span><\/p>\n<p>\u00a0<\/p>\n<h4><span style=\"font-weight: 400;\">Titolare del trattamento<\/span><\/h4>\n<p><span style=\"font-weight: 400;\">Berardinelli &amp; Co. Srls, via Palmiro Togliatti 47 \u2013 84083 \u2013 Castel San Giorgio (SA) Italia, in qualit\u00e0 di titolare del trattamento dei dati personali degli utenti del sito saldavinci.it (di seguito, \u201cUtenti\u201d) fornisce qui di seguito l\u2019Informativa sulla Privacy ai sensi dell\u2019art. 13 del D.Lgs. 196\/2003 (di seguito, il \u201cInformativa sualla Privacy\u201d) e ai sensi dell\u2019art. 13 del Regolamento UE 2016\/679 del 27 aprile 2016 (di seguito \u201cRegolamento\u201d, il Regolamento e l\u2019Informativa sulla Privacy sono insieme definiti \u201cNormativa Applicabile\u201d).<\/span><\/p>\n<p><span style=\"font-weight: 400;\">Il Titolare si riserva di nominare quale Responsabile del trattamento dei dati personali gestiti per le finalit\u00e0 di assistenza tecnica, manutenzione, gestione tecnica e simili di saldavinci.it un\u2019agenzia web o un consulente, i cui riferimenti potranno essere comunicati a seguito di richiesta agli indirizzi sopra indicati. Il Titolare e il Responsabile trattano i dati degli Utenti anche grazie a propri incaricati interni, appositamente designati e dotati di istruzioni per il corretto trattamento dei dati personali, anche in via orale. Il Responsabile per la protezione dei dati personali \u00e8 contattabile per email: info@saldavinci.it.<\/span><\/p>\n<p>\u00a0<\/p>\n<h4><span style=\"font-weight: 400;\">Categoria dei dati trattati e fonti di origine<\/span><\/h4>\n<ul>\n<li><span style=\"font-weight: 400;\"> Dati di navigazione;<\/span><\/li>\n<li><span style=\"font-weight: 400;\"> Cookie, per cui invitiamo a leggere la nostra Cookie Policy;<\/span><\/li>\n<li><span style=\"font-weight: 400;\"> Dati conferiti volontariamente dall\u2019utente;<\/span><\/li>\n<li><span style=\"font-weight: 400;\"> Dati comuni (dati identificativi, anagrafici, di fatturazione e simili);<\/span><\/li>\n<li><span style=\"font-weight: 400;\"> Solo eccezionalmente dati particolari (art. 9 GDPR);<\/span><\/li>\n<li><span style=\"font-weight: 400;\"> Solo eccezionalmente dati penali (art. 10 GDPR);<\/span><\/li>\n<\/ul>\n<p>\u00a0<\/p>\n<h4><span style=\"font-weight: 400;\">Fonti: navigazione, altri siti, cookie e simili; utente; fonti pubbliche.<\/span><\/h4>\n<p><span style=\"font-weight: 400;\">Potremo trattare in primo luogo dati di navigazione, nonch\u00e9 cookie. Potremo trattare anche dati conferiti volontariamente dall\u2019utente, ad esempio attraverso il form contatti o l\u2019invio di una comunicazione via e-mail, tra cui dati personali comuni (identificativi, anagrafici, di fatturazione e simili) ed eccezionalmente dati particolari ai sensi dell\u2019art. 9 GDPR o penali ai sensi dell\u2019art. 10 GDPR negli stretti limiti in cui ci\u00f2 sia reso necessario dalla richiesta di informazioni ricevuta.<\/span><\/p>\n<p><span style=\"font-weight: 400;\">I dati potrebbero provenire da fonti automatiche o da fonti volontarie, come anche da fonti pubbliche. Ad esempio potrebbero provenire dalla navigazione dell\u2019utente, che potrebbe portare con s\u00e8 informazioni relative a precedenti consultazioni di altri siti, tra cui in particolare cookie ed altre tecnologie simili. I dati potrebbero inoltre essere conferiti volontariamente dall\u2019utente o da soggetti ad esso correlati.<\/span><\/p>\n<p><span style=\"font-weight: 400;\">Altri dati potrebbero provenire da fonti pubbliche, quali ad esempio quelli trattati nell\u2019ambito di ricerche e provenienti da visure, database pubblici e simili.<\/span><\/p>\n<p>\u00a0<\/p>\n<h4><span style=\"font-weight: 400;\">Finalit\u00e0 del trattamento<\/span><\/h4>\n<p><span style=\"font-weight: 400;\">I dati personali degli Utenti del Sito Web, come sopra descritti, saranno oggetto di trattamento nei modi e nelle forme prescritti dal GDPR, per lo svolgimento delle funzionalit\u00e0 proprie di saldavinci.it, con particolare, ma non esclusivo, riferimento alle procedure ivi descritte di raccolta dati, form contatti, eventuale iter di registrazione \/ accesso area riservata, iscrizione alla newsletter e simili.<\/span><\/p>\n<p><span style=\"font-weight: 400;\">In particolare, i dati personali forniti al Titolare verranno trattati per il perseguimento delle seguenti finalit\u00e0:<\/span><\/p>\n<ul>\n<li><span style=\"font-weight: 400;\"> per dar seguito alle specifiche richieste rivolte al Titolare dall\u2019Utente per il tramite del Sito Web e dei suoi strumenti di comunicazione (form contatti, moduli di richiesta di informazione e simili);<\/span><\/li>\n<li><span style=\"font-weight: 400;\"> per l\u2019eventuale iscrizione alla newsletter ed il conseguente invio di comunicazioni commerciali ed informative varie concernenti il settore nel quale opera il Titolare, con apposito consenso prestato dall\u2019utente;<\/span><\/li>\n<li><span style=\"font-weight: 400;\"> per comunicazioni di natura informativa relative ai servizi dello stesso Titolare, a seguito della richiesta di informazioni tramite messaggi di posta elettronica o compilazione del form contatti e di altri strumenti di comunicazione;<\/span><\/li>\n<li><span style=\"font-weight: 400;\"> per altre finalit\u00e0 accessorie o collegate a quelle sopra indicate e comunque rientranti nell\u2019ambito delle attivit\u00e0 del Sito Web;<\/span><\/li>\n<li><span style=\"font-weight: 400;\"> per il trattamento dell\u2019indirizzo di posta elettronica, fornito dall\u2019interessato nel contesto della vendita di un prodotto o di un servizio, finalizzato anche all\u2019invio, senza ulteriore consenso, di comunicazioni per la successiva vendita diretta di prodotti o servizi analoghi a quelli oggetto della vendita stessa; l\u2019interessato pu\u00f2 in ogni caso esprimere il proprio rifiuto ed opporsi a tale trattamento, sia inizialmente che successivamente, in maniera agevole e gratuitamente, seguendo le istruzioni riportate in ogni comunicazione successiva;<\/span><\/li>\n<li><span style=\"font-weight: 400;\"> Il trattamento dei dati conferiti in via generica sar\u00e0 effettuato, anche a seguito di raccolta automatica durante la navigazione, ai soli fini di accertamento e di controllo degli accessi al Sito Web.<\/span><\/li>\n<\/ul>\n<p><span style=\"font-weight: 400;\">Ci\u00f2 vale anche per i cookie tecnici, da intendersi quali cookie di sessione, di funzionalit\u00e0 o analytics che presentino i requisiti specificati dal Garante. In particolare, riguardo a questi ultimi, si chiarisce che essi possono essere assimilati ai cookie tecnici laddove questi sono realizzati e utilizzati direttamente dal Sito Web. In ogni caso, per detti cookie analytics, il Sito Web, anche in conformit\u00e0 ai chiarimenti del Garante, ha previsto l\u2019anonimizzazione degli indirizzi IP e l\u2019emendamento all\u2019elaborazione dei dati; la raccolta e l\u2019utilizzo dei suddetti dati di navigazione (ferma restando l\u2019anonimizzazione degli indirizzi IP) permettono il monitoraggio dell\u2019andamento del Sito Web e consentono di migliorare il servizio offerto, proponendo all\u2019Utente un\u2019esperienza di navigazione migliore.<\/span><\/p>\n<p><span style=\"font-weight: 400;\">Si rinvia all\u2019apposita<a href=\"https:\/\/saldavinci.it\/informativa-sui-cookie\" target=\"_blank\" rel=\"noopener noreferrer\"> Informativa sui Cookie<\/a> per ulteriori informazioni.<\/span><\/p>\n<p><span style=\"font-weight: 400;\">\u00a0Dati raccolti tramite la piattaforma Email: per completa informazione precisiamo che nell\u2019invio delle comunicazioni tramite email Berardinelli &amp; CO. Srls si avvale di una piattaforma conforme, che, attraverso sistemi di tracciamento statistico, consente di rilevare l\u2019apertura di un messaggio, i click effettuati sui collegamenti ipertestuali contenuti all\u2019interno dell\u2019email, da quale indirizzo IP o con quale tipo di browser viene aperta l\u2019email, e altri dettagli simili. La raccolta di tali dati \u00e8 funzionale all\u2019utilizzo della piattaforma e costituisce parte integrante delle funzionalit\u00e0 del sistema di invio dei messaggi.<\/span><\/p>\n<p><span style=\"font-weight: 400;\">L\u2019Utente pu\u00f2 opporsi facilmente ad ulteriori invii di newsletter anche cliccando sull\u2019apposito link per la revoca del consenso, che \u00e8 presente in ciascuna email contenente la newsletter. Effettuata la revoca del consenso, il Titolare invier\u00e0 all\u2019Utente un messaggio per confermare l\u2019avvenuta revoca del consenso.\u00a0<\/span><\/p>\n<p>\u00a0<\/p>\n<h4><span style=\"font-weight: 400;\">Base Giuridica del trattamento<\/span><\/h4>\n<p><span style=\"font-weight: 400;\">\u00a0Il trattamento dei dati personali si fonda sul diritto di informazione, sull\u2019adempimento degli obblighi contrattuali o di contatto sociale, ovvero laddove necessario sul consenso mediante la libera e consapevole compilazione degli appositi campi informativi nel form dedicato.<\/span><\/p>\n<p>\u00a0<\/p>\n<h4><span style=\"font-weight: 400;\">Legittimo interesse del Titolare<\/span><\/h4>\n<p><span style=\"font-weight: 400;\">\u00a0Il trattamento dei dati personali si fonda anche sul legittimo interesse del Titolare, quale l\u2019esercizio dei propri diritti nel contesto della societ\u00e0 dell\u2019informazione, l\u2019esecuzione della prestazione contrattuale e la realizzazione di operazioni di marketing diretto.<\/span><\/p>\n<p>\u00a0<\/p>\n<h4><span style=\"font-weight: 400;\">Obbligatoriet\u00e0 del trasferimento<\/span><\/h4>\n<p><span style=\"font-weight: 400;\">\u00a0Il conferimento dei dati relativi alla navigazione da parte degli Utenti, per le finalit\u00e0 di cui sopra, dipende dal grado di privacy che l\u2019Utente ha abilitato o disabilitato tramite il proprio browser. In alcuni casi la disabilitazione potrebbe pregiudicare la navigazione sul presente Sito Web. Per determinati moduli del presente Sito Web, il conferimento dei dati di navigazione e\/o l\u2019utilizzo di cookie tecnici \u00e8 obbligatorio per il corretto funzionamento del Sito stesso. Il conferimento di alcuni dati propri \u00e8 in ogni caso necessario per la struttura stessa del Sito Web e delle sue procedure.<\/span><\/p>\n<p><span style=\"font-weight: 400;\">L\u2019eventuale richiesta di altri dati facoltativi sar\u00e0 invece preceduta da apposita spunta di approvazione. Il conferimento di tutti gli altri dati \u00e8 facoltativo, conformemente al tipo di informazione che l\u2019Utente voglia conferire al Sito Web.<\/span><\/p>\n<p>\u00a0<\/p>\n<h4><span style=\"font-weight: 400;\">Eventuali destinatari dei dati personali\u00a0<\/span><\/h4>\n<p><span style=\"font-weight: 400;\">I dati potranno essere comunicati a societ\u00e0 connesse, collegate o controllate dal Titolare, nonch\u00e9 a consulenti, ovvero anche a soggetti terzi che operano, anche in nome e conto del Titolare, per l\u2019evasione delle prestazioni connesse alle finalit\u00e0 indicate nella presente informativa, sia intra UE che extra UE (in tale ultimo caso, si tratter\u00e0 esclusivamente di soggetti aderenti al protocollo Privacy Shield). I dati di navigazione e simili (per cui si richiama quanto sopra), nonch\u00e9 i cookie di profilazione anche di terze parti (per cui si rinvia alla Informativa Cookie di questo Sito Web), i quali saranno comunicati alle rispettive terze parti interessate, laddove queste non li gestiscano direttamente in qualit\u00e0 di Titolari del trattamento.<\/span><\/p>\n<p>\u00a0<\/p>\n<h4><span style=\"font-weight: 400;\">Periodo di conservazione\u00a0<\/span><\/h4>\n<p><span style=\"font-weight: 400;\">I dati conferiti dall\u2019Interessato saranno conservati fino alla revoca espressa da parte dell\u2019Interessato, anche mediante azione sul proprio browser, pulizia dei cookie, richiesta espressa o in altro modo manifestata.I dati di navigazione saranno conservati per il tempo tecnico necessario all\u2019evasione delle funzioni per cui sono stati raccolti.<\/span><\/p>\n<p>\u00a0<\/p>\n<h4><span style=\"font-weight: 400;\">Diritti dell\u2019interessato<\/span><\/h4>\n<p><span style=\"font-weight: 400;\">Ciascun Interessato ha diritto di accesso, di rettifica, di cancellazione (oblio), di limitazione, di ricezione della notifica in caso di rettifica, cancellazione o limitazione, di portabilit\u00e0, di opposizione e di non essere oggetto di una decisione individuale automatizzata, compresa la profilazione, ai sensi degli artt. da 15 a 22 del GDPR. Tali diritti possono essere esercitati nelle forme e nei termini di cui all\u2019art. 12 GDPR, mediante comunicazione scritta inviata al Titolare via e-mail all\u2019indirizzo info@saldavinci.it.<\/span><\/p>\n<p><span style=\"font-weight: 400;\">Il Titolare render\u00e0 risposta adeguata al pi\u00f9 presto e comunque entro il termine di 1 mese dalla ricezione della richiesta. Ai sensi degli articoli 15 e seguenti del Regolamento, l\u2019utente ha il diritto di chiedere in qualunque momento il recesso.<\/span><\/p>\n<p>\u00a0<\/p>\n<h4><span style=\"font-weight: 400;\">Diritto di revoca del consenso<\/span><\/h4>\n<p><span style=\"font-weight: 400;\">\u00c8 possibile revocare il presente consenso in qualsiasi momento tramite<\/span><\/p>\n<ul>\n<li><span style=\"font-weight: 400;\"> invio di una mail all\u2019indirizzo del Titolare info@saldavinci.it;<\/span><\/li>\n<li><span style=\"font-weight: 400;\"> comunicazione espressa presso la sede del Titolare.<\/span><\/li>\n<\/ul>\n<p>\u00a0<\/p>\n<h4><span style=\"font-weight: 400;\">Reclami<\/span><\/h4>\n<p><span style=\"font-weight: 400;\">Ciascun Interessato ha diritto di proporre reclamo ai sensi degli artt. 77 e seguenti del GDPR ad un\u2019autorit\u00e0 di controllo, che per lo Stato italiano \u00e8 individuato nel Garante per la protezione dei dati personali. Le forme, le modalit\u00e0 ed i termini di proposizione delle azioni di reclamo sono previste e disciplinate dalla legislazione nazionale vigente. Il reclamo fa salve le azioni amministrative e giurisdizionali, che per lo Stato italiano possono proporsi alternativamente al medesimo Garante o al Tribunale competente.<\/span><\/p>\n<p>\u00a0<\/p>\n<h4><span style=\"font-weight: 400;\">Profilazione<\/span><\/h4>\n<p><span style=\"font-weight: 400;\">I dati personali forniti con il modulo on line potranno essere oggetto di profilazione. La profilazione permette al Titolare di valutare determinati aspetti personali dell\u2019Interessato relativi in particolare alle sue preferenze, ai suoi interessi, ai suoi gusti con riferimento ai prodotti venduti ed alle attivit\u00e0 svolte dal Titolare, al fine di permettere al Titolare medesimo di offrire all\u2019Interessato un servizio di vendita pi\u00f9 specifico e mirato alle sue esigenze.\u00a0<\/span><\/p>\n\t\t\n<style>\n#text-527312752 {\n  text-align: left;\n}\n<\/style>\n\t<\/div>\n\t\n","protected":false},"excerpt":{"rendered":"","protected":false},"author":1,"featured_media":2291,"parent":0,"menu_order":0,"comment_status":"closed","ping_status":"closed","template":"","meta":{"footnotes":""},"class_list":["post-3126","page","type-page","status-publish","has-post-thumbnail","hentry"],"_links":{"self":[{"href":"https:\/\/saldavinci.it\/index.php\/wp-json\/wp\/v2\/pages\/3126","targetHints":{"allow":["GET"]}}],"collection":[{"href":"https:\/\/saldavinci.it\/index.php\/wp-json\/wp\/v2\/pages"}],"about":[{"href":"https:\/\/saldavinci.it\/index.php\/wp-json\/wp\/v2\/types\/page"}],"author":[{"embeddable":true,"href":"https:\/\/saldavinci.it\/index.php\/wp-json\/wp\/v2\/users\/1"}],"replies":[{"embeddable":true,"href":"https:\/\/saldavinci.it\/index.php\/wp-json\/wp\/v2\/comments?post=3126"}],"version-history":[{"count":0,"href":"https:\/\/saldavinci.it\/index.php\/wp-json\/wp\/v2\/pages\/3126\/revisions"}],"wp:featuredmedia":[{"embeddable":true,"href":"https:\/\/saldavinci.it\/index.php\/wp-json\/wp\/v2\/media\/2291"}],"wp:attachment":[{"href":"https:\/\/saldavinci.it\/index.php\/wp-json\/wp\/v2\/media?parent=3126"}],"curies":[{"name":"wp","href":"https:\/\/api.w.org\/{rel}","templated":true}]}}