{"id":703,"date":"2021-11-11T18:51:43","date_gmt":"2021-11-11T17:51:43","guid":{"rendered":"http:\/\/wpthemetestdata.wordpress.com\/?page_id=703"},"modified":"2025-11-24T21:26:21","modified_gmt":"2025-11-24T20:26:21","slug":"news","status":"publish","type":"page","link":"https:\/\/saldavinci.it\/index.php\/news\/","title":{"rendered":"News"},"content":{"rendered":"\n\t<section class=\"section hide-for-medium\" id=\"section_1618507577\">\n\t\t<div class=\"bg section-bg fill bg-fill  bg-loaded\" >\n\n\t\t\t\n\t\t\t\n\t\t\t\n\n\t\t<\/div>\n\n\t\t<div class=\"section-content relative\">\n\t\t\t\n\n<\/p>\n<div class=\"row row-small align-middle align-center\"  id=\"row-220837814\">\n\n\t<div id=\"col-420916872\" class=\"col medium-8 small-12 large-8\"  >\n\t\t<div class=\"col-inner text-center dark\"  >\n\t\t\t\n\t\t\t\n\n<\/p>\n<p>\n\t<div class=\"img has-hover x md-x lg-x y md-y lg-y\" id=\"image_1839868713\">\n\t\t<a class=\"\" href=\"http:\/\/www.saldavinci.it\"  >\t\t\t\t\t\t<div class=\"img-inner dark\" >\n\t\t\t<img loading=\"lazy\" decoding=\"async\" width=\"496\" height=\"1024\" src=\"https:\/\/saldavinci.it\/wp-content\/uploads\/2023\/12\/Sal-Da-Vinci-home-496x1024.png\" class=\"attachment-large size-large\" alt=\"\" srcset=\"https:\/\/saldavinci.it\/wp-content\/uploads\/2023\/12\/Sal-Da-Vinci-home-496x1024.png 496w, https:\/\/saldavinci.it\/wp-content\/uploads\/2023\/12\/Sal-Da-Vinci-home-145x300.png 145w, https:\/\/saldavinci.it\/wp-content\/uploads\/2023\/12\/Sal-Da-Vinci-home.png 559w\" sizes=\"auto, (max-width: 496px) 100vw, 496px\" \/>\t\t\t\t\t\t\n\t\t\t\t\t<\/div>\n\t\t\t\t\t\t<\/a>\t\t\n<style>\n#image_1839868713 {\n  width: 14%;\n}\n<\/style>\n\t<\/div>\n\t\n\n<\/p>\n<p>\n<div class=\"container section-title-container\" ><h3 class=\"section-title section-title-bold-center\"><b><\/b><span class=\"section-title-main\" >NEWS<\/span><b><\/b><\/h3><\/div>\n\n<\/p>\n\n\t\t<\/div>\n\t\t\n<style>\n#col-420916872 > .col-inner {\n  padding: 0 30px 0px 30px;\n}\n<\/style>\n\t<\/div>\n\n\t\n\n\t<div id=\"col-2041007592\" class=\"col small-12 large-12\"  data-animate=\"bounceInLeft\">\n\t\t<div class=\"col-inner text-center dark\"  >\n\t\t\t\n\t\t\t\n\n<\/p>\n<p>\n\t<div id=\"text-3147991539\" class=\"text\">\n\t\t\n\n<h2><img loading=\"lazy\" decoding=\"async\" class=\"alignnone wp-image-4334 size-full\" src=\"https:\/\/saldavinci.it\/wp-content\/uploads\/2025\/11\/dalla-parte-del-cuore-saldavinci-napoli-teatro-augusteo.jpg\" alt=\"\" width=\"1550\" height=\"758\" srcset=\"https:\/\/saldavinci.it\/wp-content\/uploads\/2025\/11\/dalla-parte-del-cuore-saldavinci-napoli-teatro-augusteo.jpg 1550w, https:\/\/saldavinci.it\/wp-content\/uploads\/2025\/11\/dalla-parte-del-cuore-saldavinci-napoli-teatro-augusteo-300x147.jpg 300w, https:\/\/saldavinci.it\/wp-content\/uploads\/2025\/11\/dalla-parte-del-cuore-saldavinci-napoli-teatro-augusteo-1024x501.jpg 1024w, https:\/\/saldavinci.it\/wp-content\/uploads\/2025\/11\/dalla-parte-del-cuore-saldavinci-napoli-teatro-augusteo-768x376.jpg 768w, https:\/\/saldavinci.it\/wp-content\/uploads\/2025\/11\/dalla-parte-del-cuore-saldavinci-napoli-teatro-augusteo-1536x751.jpg 1536w\" sizes=\"auto, (max-width: 1550px) 100vw, 1550px\" \/><\/h2>\n<p style=\"text-align: center;\" data-padding=\"10px\" data-line-height=\"m\"><strong>AL TEATRO AUGUSTEO DI NAPOLI DAL 19 DICEMBRE CON IL NUOVO SPETTACOLO<\/strong><br \/><br \/><strong>\u201cDALLA PARTE DEL CUORE\u201d<\/strong><br \/><br \/><strong>IL GRANDE RITORNO DELL\u2019ICONICO ARTISTA SUL PALCO CHE LO HA VISTO CRESCERE<\/strong><br \/><br \/>Dal 19 dicembre 2025, il Teatro Augusteo accoglie il ritorno di uno dei suoi protagonisti assoluti: Sal Da Vinci, artista eclettico e inconfondibile, capace come pochi di attraversare linguaggi, generi e generazioni con naturalezza ed eleganza.<br \/><br \/><br \/>Con il nuovo spettacolo \u201cDalla parte del cuore\u201d, scritto insieme a Ciro Villano, Sal Da Vinci riporta sul palcoscenico un universo narrativo che riflette la sua identit\u00e0 artistica: multiforme, visionaria, emozionale, sempre in movimento. Un teatro che non \u00e8 solo rappresentazione, ma forma viva d\u2019arte, musica e immaginazione.<br \/><br \/><br \/><strong>UN\u2019OPERA CHE RACCHIUDE LA SUA ESSENZA: VISIONE, MUSICA, TRASFORMAZIONE<\/strong><br \/>\u201cDalla parte del cuore\u201d \u00e8 un viaggio spettacolare sospeso tra passato e futuro, tra ricordi e navicelle spaziali. Un racconto che si muove su pi\u00f9 dimensioni, proprio come l\u2019artista che lo interpreta: un Sal Da Vinci in versione esploratore, poeta, cantautore, attore, narratore dell\u2019anima.<br \/><br \/>Accompagnato da un equipaggio bizzarro e ironico \u2013 composto da Ernesto Lama e Ciro Villano, suoi compagni di viaggio in questa nuova avventura teatrale \u2013 Sal conduce il pubblico verso un immaginario ventiduesimo secolo, in un mondo grottesco e sorprendente che diventa metafora del nostro presente. Musica, coreografie, luci, tecnologia e poesia si fondono in una messa in scena dinamica che restituisce al pubblico la cifra pi\u00f9 autentica di Sal: essere artista a tutto tondo.<br \/><br \/><br \/>La sua voce \u2013 riconoscibile, intensa, autentica \u2013 guida lo spettatore in un percorso che tocca la memoria, l\u2019amore, i sogni, le paure e la fantasia. Ogni canzone \u00e8 una porta, ogni momento un universo a s\u00e9: lo stile iconico di Sal si manifesta nella sua capacit\u00e0 di trasformarsi e adattarsi al racconto, come un vero camaleonte della scena.<br \/><br \/><strong>UN RITORNO A TEATRO DOPO UN ANNO STRAORDINARIO<\/strong><br \/><br \/>L\u2019approdo al Teatro Augusteo arriva in una fase di straordinaria forza artistica. Il 6 settembre 2025, Sal Da Vinci ha celebrato oltre quarant\u2019anni di carriera con il grande concerto-evento \u201cStasera che Sera! \u2013 Special Edition\u201d in Piazza del Plebiscito. Un appuntamento imponente che ha trasformato la piazza simbolo di Napoli in un gigantesco teatro a cielo aperto. Una celebrazione che ha confermato Sal Da Vinci come una figura unica, capace di rendere un concerto un\u2019esperienza emotiva, popolare e raffinata al tempo stesso.<br \/><br \/><strong>I NUMERI DI UN ARTISTA ICONICO<\/strong><br \/><br \/>Oltre 450 milioni di streaming per \u201cRossetto e Caff\u00e8\u201d, ormai un classico della musica contemporanea: un dato che sottolinea l\u2019impatto straordinario che questa canzone ha avuto sul pubblico<br \/>Pi\u00f9 di un milione di spettatori nei soli spettacoli al Teatro Augusteo dal 2002 a oggi<br \/>Una carriera che abbraccia musica, teatro, cinema, televisione, con una versatilit\u00e0 rara nel panorama italiano<br \/>Una presenza social in continua crescita che lo rende amato da pi\u00f9 generazioni<br \/>Camaleontico perch\u00e9 sa cambiare pelle senza perdere identit\u00e0.<br \/>Iconico perch\u00e9 la sua voce, la sua presenza scenica e il suo stile narrativo appartengono a una categoria ristretta: quella degli interpreti capaci di reinventarsi continuamente rimanendo fedeli al cuore della propria arte.<br \/><br \/><strong>SAL DA VINCI: LA SCENA COME CASA<\/strong><br \/><br \/>Nato a New York nel 1969 durante una tourn\u00e9e del padre, il grande Mario Da Vinci, Sal ha respirato palcoscenico fin dal primo giorno. La sua storia \u00e8 un ponte naturale tra tradizione e modernit\u00e0, tra melodie senza tempo e contaminazioni contemporanee.\u00c8 proprio questo equilibrio \u2013 raro, prezioso \u2013 a renderlo un punto di riferimento nella scena artistica italiana.<br \/>Il Teatro Augusteo \u00e8 la casa dove questa identit\u00e0 si \u00e8 espressa con pi\u00f9 forza: un luogo che lo ha visto crescere, trasformarsi, stupire. E oggi, dopo successi clamorosi, ci torna con un nuovo racconto che promette di segnare una nuova stagione.<\/p>\n<p data-line-height=\"m\"><br \/>Settori e prezzi:<br \/>Platea poltrona: Euro 48<br \/>Galleria poltroncina: Euro 38<\/p>\n<p data-line-height=\"m\"><em>Biglietti al botteghino del teatro, presso le rivendite e online su Ticketone e Bigliettoveloce<\/em><\/p>\n\t\t\n<style>\n#text-3147991539 {\n  line-height: 0.75;\n  text-align: center;\n}\n<\/style>\n\t<\/div>\n\t\n\t<div id=\"text-4270466485\" class=\"text\">\n\t\t\n\n<\/p>\n<p>\n\t\t\n<style>\n#text-4270466485 {\n  font-size: 4rem;\n  line-height: 2.75;\n}\n<\/style>\n\t<\/div>\n\t\n\n\t\t<\/div>\n\t\t\n<style>\n#col-2041007592 > .col-inner {\n  padding: 0 30px 0px 30px;\n}\n<\/style>\n\t<\/div>\n\n\t\n\n<\/div>\n\n\t\t<\/div>\n\n\t\t\n<style>\n#section_1618507577 {\n  padding-top: 0px;\n  padding-bottom: 0px;\n  background-color: rgb(0,0,0);\n}\n<\/style>\n\t<\/section>\n\t\n\t<section class=\"section show-for-small\" id=\"section_1890190147\">\n\t\t<div class=\"bg section-bg fill bg-fill  bg-loaded\" >\n\n\t\t\t\n\t\t\t\n\t\t\t\n\n\t\t<\/div>\n\n\t\t<div class=\"section-content relative\">\n\t\t\t\n\n<\/p>\n<div class=\"row row-small align-middle align-center\"  id=\"row-882381991\">\n\n\t<div id=\"col-955918757\" class=\"col medium-8 small-12 large-8\"  >\n\t\t<div class=\"col-inner text-center dark\"  >\n\t\t\t\n\t\t\t\n\n<\/p>\n<p>\n\t<div class=\"img has-hover x md-x lg-x y md-y lg-y\" id=\"image_407166550\">\n\t\t<a class=\"\" href=\"http:\/\/www.saldavinci.it\"  >\t\t\t\t\t\t<div class=\"img-inner dark\" >\n\t\t\t<img loading=\"lazy\" decoding=\"async\" width=\"496\" height=\"1024\" src=\"https:\/\/saldavinci.it\/wp-content\/uploads\/2023\/12\/Sal-Da-Vinci-home-496x1024.png\" class=\"attachment-large size-large\" alt=\"\" srcset=\"https:\/\/saldavinci.it\/wp-content\/uploads\/2023\/12\/Sal-Da-Vinci-home-496x1024.png 496w, https:\/\/saldavinci.it\/wp-content\/uploads\/2023\/12\/Sal-Da-Vinci-home-145x300.png 145w, https:\/\/saldavinci.it\/wp-content\/uploads\/2023\/12\/Sal-Da-Vinci-home.png 559w\" sizes=\"auto, (max-width: 496px) 100vw, 496px\" \/>\t\t\t\t\t\t\n\t\t\t\t\t<\/div>\n\t\t\t\t\t\t<\/a>\t\t\n<style>\n#image_407166550 {\n  width: 12%;\n}\n<\/style>\n\t<\/div>\n\t\n\n<\/p>\n<p>\n<div class=\"container section-title-container\" ><h3 class=\"section-title section-title-bold-center\"><b><\/b><span class=\"section-title-main\" >NEWS<\/span><b><\/b><\/h3><\/div>\n\n<\/p>\n\n\t\t<\/div>\n\t\t\n<style>\n#col-955918757 > .col-inner {\n  padding: 0 30px 0px 30px;\n}\n<\/style>\n\t<\/div>\n\n\t\n\n\t<div id=\"col-229713926\" class=\"col small-12 large-12\"  data-animate=\"bounceInLeft\">\n\t\t<div class=\"col-inner text-center dark\"  >\n\t\t\t\n\t\t\t\n\n<\/p>\n<p>\n\t<div id=\"text-624736756\" class=\"text\">\n\t\t\n\n<h2><img loading=\"lazy\" decoding=\"async\" class=\"alignnone wp-image-4307 size-full\" src=\"https:\/\/saldavinci.it\/wp-content\/uploads\/2025\/11\/dalla-parte-del-cuore-saldavinci-mini-ticket.jpg\" alt=\"\" width=\"800\" height=\"809\" srcset=\"https:\/\/saldavinci.it\/wp-content\/uploads\/2025\/11\/dalla-parte-del-cuore-saldavinci-mini-ticket.jpg 800w, https:\/\/saldavinci.it\/wp-content\/uploads\/2025\/11\/dalla-parte-del-cuore-saldavinci-mini-ticket-297x300.jpg 297w, https:\/\/saldavinci.it\/wp-content\/uploads\/2025\/11\/dalla-parte-del-cuore-saldavinci-mini-ticket-768x777.jpg 768w\" sizes=\"auto, (max-width: 800px) 100vw, 800px\" \/><\/h2>\n<p style=\"text-align: center;\" data-padding=\"10px\" data-line-height=\"m\"><strong>AL TEATRO AUGUSTEO DI NAPOLI DAL 19 DICEMBRE CON IL NUOVO SPETTACOLO<\/strong><br \/><br \/><strong>\u201cDALLA PARTE DEL CUORE\u201d<\/strong><br \/><br \/><strong>IL GRANDE RITORNO DELL\u2019ICONICO ARTISTA SUL PALCO CHE LO HA VISTO CRESCERE<\/strong><br \/><br \/>Dal 19 dicembre 2025, il Teatro Augusteo accoglie il ritorno di uno dei suoi protagonisti assoluti: Sal Da Vinci, artista eclettico e inconfondibile, capace come pochi di attraversare linguaggi, generi e generazioni con naturalezza ed eleganza.<br \/><br \/><br \/>Con il nuovo spettacolo \u201cDalla parte del cuore\u201d, scritto insieme a Ciro Villano, Sal Da Vinci riporta sul palcoscenico un universo narrativo che riflette la sua identit\u00e0 artistica: multiforme, visionaria, emozionale, sempre in movimento. Un teatro che non \u00e8 solo rappresentazione, ma forma viva d\u2019arte, musica e immaginazione.<br \/><br \/><br \/><strong>UN\u2019OPERA CHE RACCHIUDE LA SUA ESSENZA: VISIONE, MUSICA, TRASFORMAZIONE<\/strong><br \/>\u201cDalla parte del cuore\u201d \u00e8 un viaggio spettacolare sospeso tra passato e futuro, tra ricordi e navicelle spaziali. Un racconto che si muove su pi\u00f9 dimensioni, proprio come l\u2019artista che lo interpreta: un Sal Da Vinci in versione esploratore, poeta, cantautore, attore, narratore dell\u2019anima.<br \/><br \/>Accompagnato da un equipaggio bizzarro e ironico \u2013 composto da Ernesto Lama e Ciro Villano, suoi compagni di viaggio in questa nuova avventura teatrale \u2013 Sal conduce il pubblico verso un immaginario ventiduesimo secolo, in un mondo grottesco e sorprendente che diventa metafora del nostro presente. Musica, coreografie, luci, tecnologia e poesia si fondono in una messa in scena dinamica che restituisce al pubblico la cifra pi\u00f9 autentica di Sal: essere artista a tutto tondo.<br \/><br \/><br \/>La sua voce \u2013 riconoscibile, intensa, autentica \u2013 guida lo spettatore in un percorso che tocca la memoria, l\u2019amore, i sogni, le paure e la fantasia. Ogni canzone \u00e8 una porta, ogni momento un universo a s\u00e9: lo stile iconico di Sal si manifesta nella sua capacit\u00e0 di trasformarsi e adattarsi al racconto, come un vero camaleonte della scena.<br \/><br \/><strong>UN RITORNO A TEATRO DOPO UN ANNO STRAORDINARIO<\/strong><br \/><br \/>L\u2019approdo al Teatro Augusteo arriva in una fase di straordinaria forza artistica. Il 6 settembre 2025, Sal Da Vinci ha celebrato oltre quarant\u2019anni di carriera con il grande concerto-evento \u201cStasera che Sera! \u2013 Special Edition\u201d in Piazza del Plebiscito. Un appuntamento imponente che ha trasformato la piazza simbolo di Napoli in un gigantesco teatro a cielo aperto. Una celebrazione che ha confermato Sal Da Vinci come una figura unica, capace di rendere un concerto un\u2019esperienza emotiva, popolare e raffinata al tempo stesso.<br \/><br \/><strong>I NUMERI DI UN ARTISTA ICONICO<\/strong><br \/><br \/>Oltre 450 milioni di streaming per \u201cRossetto e Caff\u00e8\u201d, ormai un classico della musica contemporanea: un dato che sottolinea l\u2019impatto straordinario che questa canzone ha avuto sul pubblico<br \/>Pi\u00f9 di un milione di spettatori nei soli spettacoli al Teatro Augusteo dal 2002 a oggi<br \/>Una carriera che abbraccia musica, teatro, cinema, televisione, con una versatilit\u00e0 rara nel panorama italiano<br \/>Una presenza social in continua crescita che lo rende amato da pi\u00f9 generazioni<br \/>Camaleontico perch\u00e9 sa cambiare pelle senza perdere identit\u00e0.<br \/>Iconico perch\u00e9 la sua voce, la sua presenza scenica e il suo stile narrativo appartengono a una categoria ristretta: quella degli interpreti capaci di reinventarsi continuamente rimanendo fedeli al cuore della propria arte.<br \/><br \/><strong>SAL DA VINCI: LA SCENA COME CASA<\/strong><br \/><br \/>Nato a New York nel 1969 durante una tourn\u00e9e del padre, il grande Mario Da Vinci, Sal ha respirato palcoscenico fin dal primo giorno. La sua storia \u00e8 un ponte naturale tra tradizione e modernit\u00e0, tra melodie senza tempo e contaminazioni contemporanee.\u00c8 proprio questo equilibrio \u2013 raro, prezioso \u2013 a renderlo un punto di riferimento nella scena artistica italiana.<br \/>Il Teatro Augusteo \u00e8 la casa dove questa identit\u00e0 si \u00e8 espressa con pi\u00f9 forza: un luogo che lo ha visto crescere, trasformarsi, stupire. E oggi, dopo successi clamorosi, ci torna con un nuovo racconto che promette di segnare una nuova stagione.<\/p>\n<p data-line-height=\"m\"><br \/>Settori e prezzi:<br \/>Platea poltrona: Euro 48<br \/>Galleria poltroncina: Euro 38<\/p>\n<p data-line-height=\"m\"><em>Biglietti al botteghino del teatro, presso le rivendite e online su Ticketone e Bigliettoveloce<\/em><\/p>\n\t\t\n<style>\n#text-624736756 {\n  line-height: 0.75;\n  text-align: center;\n}\n<\/style>\n\t<\/div>\n\t\n\t<div id=\"text-3359318163\" class=\"text\">\n\t\t\n\n<\/p>\n<p>\n\t\t\n<style>\n#text-3359318163 {\n  font-size: 4rem;\n  line-height: 2.75;\n}\n<\/style>\n\t<\/div>\n\t\n\n\t\t<\/div>\n\t\t\n<style>\n#col-229713926 > .col-inner {\n  padding: 0 30px 0px 30px;\n}\n<\/style>\n\t<\/div>\n\n\t\n\n<\/div>\n\n\t\t<\/div>\n\n\t\t\n<style>\n#section_1890190147 {\n  padding-top: 0px;\n  padding-bottom: 0px;\n  background-color: rgb(0,0,0);\n}\n<\/style>\n\t<\/section>\n\t\n\n","protected":false},"excerpt":{"rendered":"","protected":false},"author":1,"featured_media":0,"parent":0,"menu_order":0,"comment_status":"open","ping_status":"closed","template":"page-blank-landingpage.php","meta":{"footnotes":""},"class_list":["post-703","page","type-page","status-publish","hentry"],"_links":{"self":[{"href":"https:\/\/saldavinci.it\/index.php\/wp-json\/wp\/v2\/pages\/703","targetHints":{"allow":["GET"]}}],"collection":[{"href":"https:\/\/saldavinci.it\/index.php\/wp-json\/wp\/v2\/pages"}],"about":[{"href":"https:\/\/saldavinci.it\/index.php\/wp-json\/wp\/v2\/types\/page"}],"author":[{"embeddable":true,"href":"https:\/\/saldavinci.it\/index.php\/wp-json\/wp\/v2\/users\/1"}],"replies":[{"embeddable":true,"href":"https:\/\/saldavinci.it\/index.php\/wp-json\/wp\/v2\/comments?post=703"}],"version-history":[{"count":28,"href":"https:\/\/saldavinci.it\/index.php\/wp-json\/wp\/v2\/pages\/703\/revisions"}],"predecessor-version":[{"id":4339,"href":"https:\/\/saldavinci.it\/index.php\/wp-json\/wp\/v2\/pages\/703\/revisions\/4339"}],"wp:attachment":[{"href":"https:\/\/saldavinci.it\/index.php\/wp-json\/wp\/v2\/media?parent=703"}],"curies":[{"name":"wp","href":"https:\/\/api.w.org\/{rel}","templated":true}]}}